{"id":1773,"date":"2022-07-20T12:44:20","date_gmt":"2022-07-20T10:44:20","guid":{"rendered":"https:\/\/drk2021.chorzow.pl\/?page_id=1773"},"modified":"2025-02-07T11:45:45","modified_gmt":"2025-02-07T10:45:45","slug":"faq","status":"publish","type":"page","link":"https:\/\/drk2021.chorzow.pl\/en\/faq\/","title":{"rendered":"FAQ"},"content":{"rendered":"<section class=\"section dark has-mask mask-arrow-large\" id=\"section_28016414\">\n\t\t<div class=\"section-bg fill\" >\n\t\t\t\t\t\t\t\t\t<div class=\"section-bg-overlay absolute fill\"><\/div><div class=\"loading-spin centered\"><\/div>\n\t\t\t\n\n\t\t<\/div>\n\n\t\t\n\n\t\t<div class=\"section-content relative\">\n\t\t\t\n\n\t<div id=\"text-162384738\" class=\"text\">\n\t\t\n\n<h2 class=\"thin-font\"><span style=\"color: #282828;\"><strong>Najcz\u0119\u015bciej zadawane pytania<\/strong><\/span><\/h2>\n\t\t\n<style>\n#text-162384738 {\n  text-align: center;\n}\n<\/style>\n\t<\/div>\n\t\n<div class=\"text-center\"><div class=\"is-divider divider clearfix\" style=\"max-width:100px;height:5px;background-color:rgb(0, 184, 255);\"><\/div><\/div>\n\n\t<div id=\"gap-1393631198\" class=\"gap-element clearfix\" style=\"display:block; height:auto;\">\n\t\t\n<style>\n#gap-1393631198 {\n  padding-top: 30px;\n}\n<\/style>\n\t<\/div>\n\t\n\n<div class=\"row align-equal align-center\"  id=\"row-453065111\">\n\n\n\t<div id=\"col-465088523\" class=\"col medium-12 small-12 large-4\"  >\n\t\t\t\t<div class=\"col-inner text-center\" style=\"background-color:rgb(36, 38, 42);\" >\n\t\t\t\n\t\t\t\n\n\t<div id=\"text-1526506459\" class=\"text\">\n\t\t\n\n<p><span class=\"fancy-underline\" style=\"font-size: 80%;\">DOSTAWY I P\u0141ATNO\u015aCI<\/span><\/p>\n\t\t\n<style>\n#text-1526506459 {\n  font-size: 2.75rem;\n}\n<\/style>\n\t<\/div>\n\t\n<div class=\"row\"  id=\"row-195992746\">\n\n\n\t<div id=\"col-275762976\" class=\"col small-12 large-12\"  >\n\t\t\t\t<div class=\"col-inner\"  >\n\t\t\t\n\t\t\t\n\n<div class=\"accordion\">\n\n\t<div id=\"accordion-3559516754\" class=\"accordion-item\">\n\t\t<a id=\"accordion-3559516754-label\" class=\"accordion-title plain\" href=\"#accordion-item-wyceny\" aria-expanded=\"false\" aria-controls=\"accordion-3559516754-content\">\n\t\t\t<button class=\"toggle\" aria-label=\"Toggle\"><i class=\"icon-angle-down\" aria-hidden=\"true\"><\/i><\/button>\n\t\t\t<span>Wyceny<\/span>\n\t\t<\/a>\n\t\t<div id=\"accordion-3559516754-content\" class=\"accordion-inner\" aria-labelledby=\"accordion-3559516754-label\">\n\t\t\t\n\n\t<div id=\"text-7186651\" class=\"text\">\n\t\t\n\n<p style=\"text-align: left;\">Zach\u0119camy do robienia wycen poprzez kalkulator na stronie w karcie produktu.\u00a0<br \/><br \/>W przypadku dodatkowych pyta\u0144, prosimy o kontakt mailowy na adres:<\/p>\n<p style=\"text-align: left;\"><span style=\"font-size: 85%;\"><span style=\"color: #00ffff;\">handlowy@notapress.pl <\/span>lub <span style=\"color: #00ffff;\">ksiegowosc@notapress.pl<\/span><\/span><\/p>\n\t\t\n<style>\n#text-7186651 {\n  text-align: left;\n}\n<\/style>\n\t<\/div>\n\t\n\n\t\t<\/div>\n\t<\/div>\n\t\n\t<div id=\"accordion-3997517782\" class=\"accordion-item\">\n\t\t<a id=\"accordion-3997517782-label\" class=\"accordion-title plain\" href=\"#accordion-item-gdzie-dokona\u0107-wp\u0142aty\" aria-expanded=\"false\" aria-controls=\"accordion-3997517782-content\">\n\t\t\t<button class=\"toggle\" aria-label=\"Toggle\"><i class=\"icon-angle-down\" aria-hidden=\"true\"><\/i><\/button>\n\t\t\t<span>Gdzie dokona\u0107 wp\u0142aty<\/span>\n\t\t<\/a>\n\t\t<div id=\"accordion-3997517782-content\" class=\"accordion-inner\" aria-labelledby=\"accordion-3997517782-label\">\n\t\t\t\n\n<p style=\"text-align: left;\">Wp\u0142at\u0119 nale\u017cy dokona\u0107 na nasze konto bankowe:<\/p>\n<p><u><b>NotaPress Jacek Zupok<\/b><br \/><\/u><\/p>\n<table>\n<tbody>\n<tr>\n<td style=\"text-align: center;\">41-506 Chorzow, ul. Zelazna 20<br \/>NIP: 627-173-04-17<br \/><b>Account number:<\/b><br \/>mBank: 85 1140 2004 0000 3202 5786 5960<\/td>\n<\/tr>\n<\/tbody>\n<\/table>\n<p style=\"text-align: left;\">Wszelkie informacje s\u0105 dost\u0119pne na e-proformie po z\u0142o\u017ceniu zam\u00f3wienia.<\/p>\n\n\t\t<\/div>\n\t<\/div>\n\t\n\t<div id=\"accordion-3803185799\" class=\"accordion-item\">\n\t\t<a id=\"accordion-3803185799-label\" class=\"accordion-title plain\" href=\"#accordion-item-rodzaje-wysy\u0142ki\" aria-expanded=\"false\" aria-controls=\"accordion-3803185799-content\">\n\t\t\t<button class=\"toggle\" aria-label=\"Toggle\"><i class=\"icon-angle-down\" aria-hidden=\"true\"><\/i><\/button>\n\t\t\t<span>Rodzaje wysy\u0142ki<\/span>\n\t\t<\/a>\n\t\t<div id=\"accordion-3803185799-content\" class=\"accordion-inner\" aria-labelledby=\"accordion-3803185799-label\">\n\t\t\t\n\n\t<div id=\"text-1707972849\" class=\"text\">\n\t\t\n\n<p>Przesy\u0142ki wysy\u0142amy kurierem FedEx.\u00a0<\/p>\n<p>Przy wysy\u0142kach zagranicznych, wysy\u0142amy za po\u015brednictwem kuriera Raben.<\/p>\n<p>Jest te\u017c mo\u017cliwo\u015b\u0107 odbioru osobistego w siedzibie firmy.<\/p>\n\t\t\n<style>\n#text-1707972849 {\n  text-align: left;\n}\n<\/style>\n\t<\/div>\n\t\n\n\t\t<\/div>\n\t<\/div>\n\t\n\t<div id=\"accordion-3017771633\" class=\"accordion-item\">\n\t\t<a id=\"accordion-3017771633-label\" class=\"accordion-title plain\" href=\"#accordion-item-termin-wysy\u0142ki\" aria-expanded=\"false\" aria-controls=\"accordion-3017771633-content\">\n\t\t\t<button class=\"toggle\" aria-label=\"Toggle\"><i class=\"icon-angle-down\" aria-hidden=\"true\"><\/i><\/button>\n\t\t\t<span>Termin wysy\u0142ki<\/span>\n\t\t<\/a>\n\t\t<div id=\"accordion-3017771633-content\" class=\"accordion-inner\" aria-labelledby=\"accordion-3017771633-label\">\n\t\t\t\n\n\t<div id=\"text-1615198593\" class=\"text\">\n\t\t\n\n<p>Standardowy termin wysy\u0142ki po z\u0142o\u017ceniu zam\u00f3wienia to dwa tygodnie.<\/p>\n<p>Dodatkowy czas oczekiwania, kt\u00f3ry mo\u017ce wyst\u0105pi\u0107 zale\u017cy od rodzaju produktu, trudno\u015bci druku projektu i ilo\u015bci.<br \/><br \/><\/p>\n<p>W razie pyta\u0144, prosimy o skontaktowanie si\u0119 mailowo lub telefonicznie z grafikiem, kt\u00f3ry prowadzi dane zlecenie.<\/p>\n\t\t\n<style>\n#text-1615198593 {\n  text-align: left;\n}\n<\/style>\n\t<\/div>\n\t\n\n\t\t<\/div>\n\t<\/div>\n\t\n\t<div id=\"accordion-3302454456\" class=\"accordion-item\">\n\t\t<a id=\"accordion-3302454456-label\" class=\"accordion-title plain\" href=\"#accordion-item-wysy\u0142ki-no-name\" aria-expanded=\"false\" aria-controls=\"accordion-3302454456-content\">\n\t\t\t<button class=\"toggle\" aria-label=\"Toggle\"><i class=\"icon-angle-down\" aria-hidden=\"true\"><\/i><\/button>\n\t\t\t<span>Wysy\u0142ki No-Name<\/span>\n\t\t<\/a>\n\t\t<div id=\"accordion-3302454456-content\" class=\"accordion-inner\" aria-labelledby=\"accordion-3302454456-label\">\n\t\t\t\n\n\t<div id=\"text-1331906036\" class=\"text\">\n\t\t\n\n<p>Jest mo\u017cliwo\u015b\u0107 wysy\u0142ki no-name na terenie Polski.<\/p>\n<p>W przypadku wysy\u0142ek zagranicznych nie gwarantujemy, \u017ce firma kurierska nie przyklei gdzie\u015b swojej etykiety z naszymi danymi.<\/p>\n\t\t\n<style>\n#text-1331906036 {\n  text-align: center;\n}\n<\/style>\n\t<\/div>\n\t\n\n\t\t<\/div>\n\t<\/div>\n\t\n\n<\/div>\n\n\t\t<\/div>\n\t\t\t\t\n<style>\n#col-275762976 > .col-inner {\n  margin: -35px 0px 0px 0px;\n}\n<\/style>\n\t<\/div>\n\n\t\n\n<\/div>\n\n\t\t<\/div>\n\t\t\t\t\n<style>\n#col-465088523 > .col-inner {\n  padding: 40px 40px 40px 40px;\n}\n<\/style>\n\t<\/div>\n\n\t\n\n\t<div id=\"col-352116065\" class=\"col medium-12 small-12 large-4\"  >\n\t\t\t\t<div class=\"col-inner text-center\" style=\"background-color:rgb(36, 38, 42);\" >\n\t\t\t\n\t\t\t\n\n\t<div id=\"text-2358050827\" class=\"text\">\n\t\t\n\n<p style=\"text-align: center;\"><span class=\"fancy-underline\">PROJEKTY<\/span><\/p>\n\t\t\n<style>\n#text-2358050827 {\n  font-size: 2.75rem;\n}\n<\/style>\n\t<\/div>\n\t\n<div class=\"row\"  id=\"row-1189987672\">\n\n\n\t<div id=\"col-463991029\" class=\"col small-12 large-12\"  >\n\t\t\t\t<div class=\"col-inner\"  >\n\t\t\t\n\t\t\t\n\n<div class=\"accordion\">\n\n\t<div id=\"accordion-236638194\" class=\"accordion-item\">\n\t\t<a id=\"accordion-236638194-label\" class=\"accordion-title plain\" href=\"#accordion-item-jak-przygotowa\u0107-projekt-do-druku-cmyk\" aria-expanded=\"false\" aria-controls=\"accordion-236638194-content\">\n\t\t\t<button class=\"toggle\" aria-label=\"Toggle\"><i class=\"icon-angle-down\" aria-hidden=\"true\"><\/i><\/button>\n\t\t\t<span>Jak przygotowa\u0107 projekt do druku CMYK<\/span>\n\t\t<\/a>\n\t\t<div id=\"accordion-236638194-content\" class=\"accordion-inner\" aria-labelledby=\"accordion-236638194-label\">\n\t\t\t\n\n\t<div id=\"text-2873691728\" class=\"text\">\n\t\t\n\n<p>Projekt nale\u017cy przygotowa\u0107 zgodnie z szablonem ( dost\u0119pny do pobrania w karcie produktu ) w postaci krzywych \/ vector\u00f3w, by najcz\u0119\u015bciej unikn\u0105\u0107 problem\u00f3w z czcionkami.\u00a0<\/p>\n<p>Format pliku preferowany w Adobe PDF \/ AI \/ Corel.<\/p>\n\t\t\n<style>\n#text-2873691728 {\n  text-align: left;\n}\n<\/style>\n\t<\/div>\n\t\n\n\t\t<\/div>\n\t<\/div>\n\t\n\t<div id=\"accordion-2859793146\" class=\"accordion-item\">\n\t\t<a id=\"accordion-2859793146-label\" class=\"accordion-title plain\" href=\"#accordion-item-jako\u015b\u0107-zdj\u0119\u0107-do-druku-cmyk\" aria-expanded=\"false\" aria-controls=\"accordion-2859793146-content\">\n\t\t\t<button class=\"toggle\" aria-label=\"Toggle\"><i class=\"icon-angle-down\" aria-hidden=\"true\"><\/i><\/button>\n\t\t\t<span>Jako\u015b\u0107 zdj\u0119\u0107 do druku CMYK<\/span>\n\t\t<\/a>\n\t\t<div id=\"accordion-2859793146-content\" class=\"accordion-inner\" aria-labelledby=\"accordion-2859793146-label\">\n\t\t\t\n\n<p>Najlepsz\u0105 rozdzielczo\u015bci\u0105 zdj\u0119\u0107 do druku CMYK jest przynajmniej 300dpi. Zapewnia to najlepsz\u0105 jako\u015b\u0107 i ostro\u015b\u0107 w stosunku do ni\u017cszych warto\u015bci.<\/p>\n\n\t\t<\/div>\n\t<\/div>\n\t\n\t<div id=\"accordion-1039817030\" class=\"accordion-item\">\n\t\t<a id=\"accordion-1039817030-label\" class=\"accordion-title plain\" href=\"#accordion-item-jak-przygotowa\u0107-projekt-do-sitodruku\" aria-expanded=\"false\" aria-controls=\"accordion-1039817030-content\">\n\t\t\t<button class=\"toggle\" aria-label=\"Toggle\"><i class=\"icon-angle-down\" aria-hidden=\"true\"><\/i><\/button>\n\t\t\t<span>Jak przygotowa\u0107 projekt do sitodruku<\/span>\n\t\t<\/a>\n\t\t<div id=\"accordion-1039817030-content\" class=\"accordion-inner\" aria-labelledby=\"accordion-1039817030-label\">\n\t\t\t\n\n\t<div id=\"text-3242804404\" class=\"text\">\n\t\t\n\n<p>Pliki przygotowa\u0107 tak samo jak przy druku CMYK, z t\u0105 r\u00f3\u017cnic\u0105, \u017ce projekt musi si\u0119 sk\u0142ada\u0107 z jednolitych kolor\u00f3w, bez przej\u015b\u0107 tonalnych, by unikn\u0105\u0107 efektu rastra.\u00a0<\/p>\n\t\t\n<style>\n#text-3242804404 {\n  text-align: left;\n}\n<\/style>\n\t<\/div>\n\t\n\n\t\t<\/div>\n\t<\/div>\n\t\n\t<div id=\"accordion-3446340489\" class=\"accordion-item\">\n\t\t<a id=\"accordion-3446340489-label\" class=\"accordion-title plain\" href=\"#accordion-item-gdzie-wys\u0142a\u0107-pliki\" aria-expanded=\"false\" aria-controls=\"accordion-3446340489-content\">\n\t\t\t<button class=\"toggle\" aria-label=\"Toggle\"><i class=\"icon-angle-down\" aria-hidden=\"true\"><\/i><\/button>\n\t\t\t<span>Gdzie wys\u0142a\u0107 pliki<\/span>\n\t\t<\/a>\n\t\t<div id=\"accordion-3446340489-content\" class=\"accordion-inner\" aria-labelledby=\"accordion-3446340489-label\">\n\t\t\t\n\n\t<div id=\"text-4267983561\" class=\"text\">\n\t\t\n\n<p>Pliki graficzne prosz\u0119 wysy\u0142a\u0107 na adres mailowy: <span style=\"color: #00ffff;\">grafik@notapress.pl<\/span><\/p>\n\t\t\n<style>\n#text-4267983561 {\n  text-align: center;\n}\n<\/style>\n\t<\/div>\n\t\n\n\t\t<\/div>\n\t<\/div>\n\t\n\t<div id=\"accordion-3055175223\" class=\"accordion-item\">\n\t\t<a id=\"accordion-3055175223-label\" class=\"accordion-title plain\" href=\"#accordion-item-znakowanie-drewienka\" aria-expanded=\"false\" aria-controls=\"accordion-3055175223-content\">\n\t\t\t<button class=\"toggle\" aria-label=\"Toggle\"><i class=\"icon-angle-down\" aria-hidden=\"true\"><\/i><\/button>\n\t\t\t<span>Znakowanie Drewienka<\/span>\n\t\t<\/a>\n\t\t<div id=\"accordion-3055175223-content\" class=\"accordion-inner\" aria-labelledby=\"accordion-3055175223-label\">\n\t\t\t\n\n\t<div id=\"text-330053700\" class=\"text\">\n\t\t\n\n<p style=\"text-align: center;\">Posiadamy trzy opcje znakowania drewienka:<\/p>\n<p style=\"text-align: center;\"><img loading=\"lazy\" decoding=\"async\" class=\"alignnone size-full wp-image-75300\" src=\"https:\/\/drk2021.chorzow.pl\/wp-content\/uploads\/2023\/09\/znakowanie-drewienka-scaled.jpg\" alt=\"\" width=\"2560\" height=\"1513\" title=\"\" srcset=\"https:\/\/drk2021.chorzow.pl\/wp-content\/uploads\/2023\/09\/znakowanie-drewienka-scaled.jpg 2560w, https:\/\/drk2021.chorzow.pl\/wp-content\/uploads\/2023\/09\/znakowanie-drewienka-scaled-1200x709.jpg 1200w, https:\/\/drk2021.chorzow.pl\/wp-content\/uploads\/2023\/09\/znakowanie-drewienka-677x400.jpg 677w, https:\/\/drk2021.chorzow.pl\/wp-content\/uploads\/2023\/09\/znakowanie-drewienka-1354x800.jpg 1354w, https:\/\/drk2021.chorzow.pl\/wp-content\/uploads\/2023\/09\/znakowanie-drewienka-768x454.jpg 768w, https:\/\/drk2021.chorzow.pl\/wp-content\/uploads\/2023\/09\/znakowanie-drewienka-1536x908.jpg 1536w, https:\/\/drk2021.chorzow.pl\/wp-content\/uploads\/2023\/09\/znakowanie-drewienka-2048x1210.jpg 2048w\" sizes=\"auto, (max-width: 2560px) 100vw, 2560px\" \/><\/p>\n\t\t\n<style>\n#text-330053700 {\n  font-size: 1rem;\n  text-align: left;\n}\n<\/style>\n\t<\/div>\n\t\n\n\t\t<\/div>\n\t<\/div>\n\t\n\t<div id=\"accordion-59979603\" class=\"accordion-item\">\n\t\t<a id=\"accordion-59979603-label\" class=\"accordion-title plain\" href=\"#accordion-item-wizualizacje\" aria-expanded=\"false\" aria-controls=\"accordion-59979603-content\">\n\t\t\t<button class=\"toggle\" aria-label=\"Toggle\"><i class=\"icon-angle-down\" aria-hidden=\"true\"><\/i><\/button>\n\t\t\t<span>Wizualizacje<\/span>\n\t\t<\/a>\n\t\t<div id=\"accordion-59979603-content\" class=\"accordion-inner\" aria-labelledby=\"accordion-59979603-label\">\n\t\t\t\n\n\t<div id=\"text-971455934\" class=\"text\">\n\t\t\n\n<p>Wizualizacje produktu s\u0105 tworzone i wysy\u0142ane po z\u0142o\u017ceniu zam\u00f3wienia, wraz z wszelkimi dodatkowymi informacjami.<\/p>\n\t\t\n<style>\n#text-971455934 {\n  font-size: 1rem;\n  text-align: left;\n}\n<\/style>\n\t<\/div>\n\t\n\n\t\t<\/div>\n\t<\/div>\n\t\n\n<\/div>\n\n\t\t<\/div>\n\t\t\t\t\n<style>\n#col-463991029 > .col-inner {\n  margin: -35px 0px 0px 0px;\n}\n<\/style>\n\t<\/div>\n\n\t\n\n<\/div>\n\n\t\t<\/div>\n\t\t\t\t\n<style>\n#col-352116065 > .col-inner {\n  padding: 40px 40px 40px 40px;\n}\n<\/style>\n\t<\/div>\n\n\t\n\n\t<div id=\"col-262705446\" class=\"col medium-12 small-12 large-4\"  >\n\t\t\t\t<div class=\"col-inner text-center\" style=\"background-color:rgb(36, 38, 42);\" >\n\t\t\t\n\t\t\t\n\n\t<div id=\"text-2166946740\" class=\"text\">\n\t\t\n\n<p style=\"text-align: center;\"><span class=\"fancy-underline\">POLIGRAFIA<\/span><\/p>\n\t\t\n<style>\n#text-2166946740 {\n  font-size: 2.75rem;\n}\n<\/style>\n\t<\/div>\n\t\n<div class=\"row\"  id=\"row-1367171477\">\n\n\n\t<div id=\"col-1554308470\" class=\"col small-12 large-12\"  >\n\t\t\t\t<div class=\"col-inner\"  >\n\t\t\t\n\t\t\t\n\n<div class=\"accordion\">\n\n\t<div id=\"accordion-301454412\" class=\"accordion-item\">\n\t\t<a id=\"accordion-301454412-label\" class=\"accordion-title plain\" href=\"#accordion-item-r\u00f3\u017cnica-mi\u0119dzy-cmyk-a-rgb\" aria-expanded=\"false\" aria-controls=\"accordion-301454412-content\">\n\t\t\t<button class=\"toggle\" aria-label=\"Toggle\"><i class=\"icon-angle-down\" aria-hidden=\"true\"><\/i><\/button>\n\t\t\t<span>R\u00f3\u017cnica mi\u0119dzy CMYK a RGB<\/span>\n\t\t<\/a>\n\t\t<div id=\"accordion-301454412-content\" class=\"accordion-inner\" aria-labelledby=\"accordion-301454412-label\">\n\t\t\t\n\n\t<div id=\"text-901810203\" class=\"text\">\n\t\t\n\n<p>Najwa\u017cniejsz\u0105 r\u00f3\u017cnic\u0105 mi\u0119dzy kolorami CMYK a RGB jest to, \u017ce <b>RGB s\u0142u\u017cy do wy\u015bwietlania na ekranach elektronicznych, podczas gdy CMYK s\u0142u\u017cy do drukowania zdj\u0119cia<\/b>.<\/p>\n\t\t\n<style>\n#text-901810203 {\n  text-align: left;\n}\n<\/style>\n\t<\/div>\n\t\n\n\t\t<\/div>\n\t<\/div>\n\t\n\t<div id=\"accordion-1886810791\" class=\"accordion-item\">\n\t\t<a id=\"accordion-1886810791-label\" class=\"accordion-title plain\" href=\"#accordion-item-czym-s\u0105-kolory-pantone\" aria-expanded=\"false\" aria-controls=\"accordion-1886810791-content\">\n\t\t\t<button class=\"toggle\" aria-label=\"Toggle\"><i class=\"icon-angle-down\" aria-hidden=\"true\"><\/i><\/button>\n\t\t\t<span>Czym s\u0105 kolory PANTONE<\/span>\n\t\t<\/a>\n\t\t<div id=\"accordion-1886810791-content\" class=\"accordion-inner\" aria-labelledby=\"accordion-1886810791-label\">\n\t\t\t\n\n<p style=\"text-align: left;\">Kolory PANTONE s\u0105 przygotowywane wcze\u015bniej farby puszkowe i nie powstaj\u0105 w wyniku mieszania farb drukarskich czy te\u017c CMYK. Dok\u0142adne odwzorowanie kolor\u00f3w PANTONE przy druku CMYK jest niemal niemo\u017cliwe.\u00a0<\/p>\n\n\t\t<\/div>\n\t<\/div>\n\t\n\t<div id=\"accordion-115159716\" class=\"accordion-item\">\n\t\t<a id=\"accordion-115159716-label\" class=\"accordion-title plain\" href=\"#accordion-item-r\u00f3\u017cnica-mi\u0119dzy-papierem-u-a-c\" aria-expanded=\"false\" aria-controls=\"accordion-115159716-content\">\n\t\t\t<button class=\"toggle\" aria-label=\"Toggle\"><i class=\"icon-angle-down\" aria-hidden=\"true\"><\/i><\/button>\n\t\t\t<span>R\u00f3\u017cnica mi\u0119dzy papierem U a C<\/span>\n\t\t<\/a>\n\t\t<div id=\"accordion-115159716-content\" class=\"accordion-inner\" aria-labelledby=\"accordion-115159716-label\">\n\t\t\t\n\n<p style=\"text-align: left;\">Symbol U to skr\u00f3t od Uncoated, za\u015b C od Coated.<br \/>R\u00f3\u017cnica mi\u0119dzy tymi dwoma jest taka, \u017ce powierzania C jest powlekana. Czyli ma na\u0142o\u017con\u0105 pow\u0142ok\u0119, kt\u00f3ra uwydatnia jego jako\u015bciowe cechy w tym po\u0142ysk czy gramatur\u0119.\u00a0<\/p>\n<p style=\"text-align: left;\">Powierzchnia powlekana zwi\u0119ksza nat\u0119\u017cenie kolor\u00f3w w stosunku do niepowlekanej, gdzie farba wch\u0142ania si\u0119 w powierzchni\u0119 trac\u0105c nasycenie i po\u0142ysk.\u00a0<\/p>\n\n\t\t<\/div>\n\t<\/div>\n\t\n\t<div id=\"accordion-3581805394\" class=\"accordion-item\">\n\t\t<a id=\"accordion-3581805394-label\" class=\"accordion-title plain\" href=\"#accordion-item-czym-s\u0105-spady\" aria-expanded=\"false\" aria-controls=\"accordion-3581805394-content\">\n\t\t\t<button class=\"toggle\" aria-label=\"Toggle\"><i class=\"icon-angle-down\" aria-hidden=\"true\"><\/i><\/button>\n\t\t\t<span>Czym s\u0105 spady<\/span>\n\t\t<\/a>\n\t\t<div id=\"accordion-3581805394-content\" class=\"accordion-inner\" aria-labelledby=\"accordion-3581805394-label\">\n\t\t\t\n\n\t<div id=\"text-1805444750\" class=\"text\">\n\t\t\n\n<p style=\"text-align: center;\">Spady to dodatkowy obszar nadruku, kt\u00f3ry wychodzi poza lini\u0119 ci\u0119cia. Je\u015bli projekt wychodzi poza lini\u0119 spadu, to po przyci\u0119ciu do formatu w\u0142a\u015bciwego, b\u0119dzie widoczny efekt BLEED, zobrazowany poni\u017cej.\u00a0<\/p>\n<p><img loading=\"lazy\" decoding=\"async\" class=\"alignnone  wp-image-75577\" src=\"https:\/\/drk2021.chorzow.pl\/wp-content\/uploads\/2024\/01\/druk-do-spadu_boki2-scaled.jpg\" alt=\"\" width=\"521\" height=\"235\" title=\"\" srcset=\"https:\/\/drk2021.chorzow.pl\/wp-content\/uploads\/2024\/01\/druk-do-spadu_boki2-scaled.jpg 2560w, https:\/\/drk2021.chorzow.pl\/wp-content\/uploads\/2024\/01\/druk-do-spadu_boki2-scaled-1200x540.jpg 1200w, https:\/\/drk2021.chorzow.pl\/wp-content\/uploads\/2024\/01\/druk-do-spadu_boki2-800x360.jpg 800w, https:\/\/drk2021.chorzow.pl\/wp-content\/uploads\/2024\/01\/druk-do-spadu_boki2-1400x630.jpg 1400w, https:\/\/drk2021.chorzow.pl\/wp-content\/uploads\/2024\/01\/druk-do-spadu_boki2-768x346.jpg 768w, https:\/\/drk2021.chorzow.pl\/wp-content\/uploads\/2024\/01\/druk-do-spadu_boki2-1536x692.jpg 1536w, https:\/\/drk2021.chorzow.pl\/wp-content\/uploads\/2024\/01\/druk-do-spadu_boki2-2048x922.jpg 2048w\" sizes=\"auto, (max-width: 521px) 100vw, 521px\" \/><\/p>\n<p>\u00a0<\/p>\n\t\t\n<style>\n#text-1805444750 {\n  text-align: left;\n}\n<\/style>\n\t<\/div>\n\t\n\n\t\t<\/div>\n\t<\/div>\n\t\n\n<\/div>\n\n\t\t<\/div>\n\t\t\t\t\n<style>\n#col-1554308470 > .col-inner {\n  margin: -35px 0px 0px 0px;\n}\n<\/style>\n\t<\/div>\n\n\t\n\n<\/div>\n\n\t\t<\/div>\n\t\t\t\t\n<style>\n#col-262705446 > .col-inner {\n  padding: 40px 40px 40px 40px;\n}\n<\/style>\n\t<\/div>\n\n\t\n\n<\/div>\n<div class=\"row align-equal align-center\"  id=\"row-110432260\">\n\n\n\t<div id=\"col-1787002311\" class=\"col medium-12 small-12 large-7\"  >\n\t\t\t\t<div class=\"col-inner text-center\" style=\"background-color:rgb(36, 38, 42);\" >\n\t\t\t\n\t\t\t\n\n\t<div id=\"text-3877048686\" class=\"text\">\n\t\t\n\n<p><span class=\"fancy-underline\">CALENDARS<\/span><\/p>\n\t\t\n<style>\n#text-3877048686 {\n  font-size: 2.75rem;\n}\n<\/style>\n\t<\/div>\n\t\n<div class=\"row\"  id=\"row-100300680\">\n\n\n\t<div id=\"col-454776995\" class=\"col small-12 large-12\"  >\n\t\t\t\t<div class=\"col-inner\"  >\n\t\t\t\n\t\t\t\n\n<div class=\"accordion\">\n\n\t<div id=\"accordion-1821722319\" class=\"accordion-item\">\n\t\t<a id=\"accordion-1821722319-label\" class=\"accordion-title plain\" href=\"#accordion-item-jaki-jest-stan-magazynowy-danego-kalendarza\" aria-expanded=\"false\" aria-controls=\"accordion-1821722319-content\">\n\t\t\t<button class=\"toggle\" aria-label=\"Toggle\"><i class=\"icon-angle-down\" aria-hidden=\"true\"><\/i><\/button>\n\t\t\t<span>Jaki jest stan magazynowy danego kalendarza<\/span>\n\t\t<\/a>\n\t\t<div id=\"accordion-1821722319-content\" class=\"accordion-inner\" aria-labelledby=\"accordion-1821722319-label\">\n\t\t\t\n\n\t<div id=\"text-3437351890\" class=\"text\">\n\t\t\n\n<p style=\"text-align: center;\">Stan magazynowy kalendarza jest wy\u015bwietlany na karcie produktu.\u00a0<br \/>Czasami mo\u017ce si\u0119 zdarzy\u0107, \u017ce nie zd\u0105\u017cymy zaktualizowa\u0107 bazy i poinformujemy o braku danego kalendarza i zaproponujemy inny w przypadku zam\u00f3wienia.<\/p>\n<p style=\"text-align: center;\">Ewentualnie prosimy o kontakt na:<\/p>\n<p style=\"text-align: center;\">mobile phone: <span style=\"color: #00ffff;\">515 522 619<\/span><br \/><span style=\"color: #00ffff;\"><a style=\"color: #00ffff;\" href=\"mailto:kalendarze@notapress.pl?Subject=Zapytanie%20o%20kalendarze\">kalendarze@notapress.pl<\/a><\/span><\/p>\n\t\t\n<style>\n#text-3437351890 {\n  text-align: left;\n}\n<\/style>\n\t<\/div>\n\t\n\n\t\t<\/div>\n\t<\/div>\n\t\n\t<div id=\"accordion-3068565307\" class=\"accordion-item\">\n\t\t<a id=\"accordion-3068565307-label\" class=\"accordion-title plain\" href=\"#accordion-item-j\u0119zyki-w-kalendariach-kalendarzy\" aria-expanded=\"false\" aria-controls=\"accordion-3068565307-content\">\n\t\t\t<button class=\"toggle\" aria-label=\"Toggle\"><i class=\"icon-angle-down\" aria-hidden=\"true\"><\/i><\/button>\n\t\t\t<span>J\u0119zyki w kalendariach kalendarzy<\/span>\n\t\t<\/a>\n\t\t<div id=\"accordion-3068565307-content\" class=\"accordion-inner\" aria-labelledby=\"accordion-3068565307-label\">\n\t\t\t\n\n<p>Nasze kalendaria s\u0105 czteroj\u0119zyczne (PL, UK, D, UA),<\/p>\n\n\t\t<\/div>\n\t<\/div>\n\t\n\t<div id=\"accordion-4113416294\" class=\"accordion-item\">\n\t\t<a id=\"accordion-4113416294-label\" class=\"accordion-title plain\" href=\"#accordion-item-znakowanie-kalendarzy-ksi\u0105\u017ckowych\" aria-expanded=\"false\" aria-controls=\"accordion-4113416294-content\">\n\t\t\t<button class=\"toggle\" aria-label=\"Toggle\"><i class=\"icon-angle-down\" aria-hidden=\"true\"><\/i><\/button>\n\t\t\t<span>Znakowanie kalendarzy ksi\u0105\u017ckowych<\/span>\n\t\t<\/a>\n\t\t<div id=\"accordion-4113416294-content\" class=\"accordion-inner\" aria-labelledby=\"accordion-4113416294-label\">\n\t\t\t\n\n<p>Do wyboru s\u0105 trzy techniki znakowania:<\/p>\n<p><img loading=\"lazy\" decoding=\"async\" class=\"alignnone size-full wp-image-75303\" src=\"https:\/\/drk2021.chorzow.pl\/wp-content\/uploads\/2023\/09\/znakowanie-kalendarze-ksiazkowe.jpg\" alt=\"\" width=\"2500\" height=\"1328\" title=\"\" srcset=\"https:\/\/drk2021.chorzow.pl\/wp-content\/uploads\/2023\/09\/znakowanie-kalendarze-ksiazkowe.jpg 2500w, https:\/\/drk2021.chorzow.pl\/wp-content\/uploads\/2023\/09\/znakowanie-kalendarze-ksiazkowe-1200x637.jpg 1200w, https:\/\/drk2021.chorzow.pl\/wp-content\/uploads\/2023\/09\/znakowanie-kalendarze-ksiazkowe-753x400.jpg 753w, https:\/\/drk2021.chorzow.pl\/wp-content\/uploads\/2023\/09\/znakowanie-kalendarze-ksiazkowe-1400x744.jpg 1400w, https:\/\/drk2021.chorzow.pl\/wp-content\/uploads\/2023\/09\/znakowanie-kalendarze-ksiazkowe-768x408.jpg 768w, https:\/\/drk2021.chorzow.pl\/wp-content\/uploads\/2023\/09\/znakowanie-kalendarze-ksiazkowe-1536x816.jpg 1536w, https:\/\/drk2021.chorzow.pl\/wp-content\/uploads\/2023\/09\/znakowanie-kalendarze-ksiazkowe-2048x1088.jpg 2048w\" sizes=\"auto, (max-width: 2500px) 100vw, 2500px\" \/><\/p>\n\n\t\t<\/div>\n\t<\/div>\n\t\n\n<\/div>\n\n\t\t<\/div>\n\t\t\t\t\n<style>\n#col-454776995 > .col-inner {\n  margin: -35px 0px 0px 0px;\n}\n<\/style>\n\t<\/div>\n\n\t\n\n<\/div>\n\n\t\t<\/div>\n\t\t\t\t\n<style>\n#col-1787002311 > .col-inner {\n  padding: 40px 40px 40px 40px;\n}\n<\/style>\n\t<\/div>\n\n\t\n\n<\/div>\n\n\t\t<\/div>\n\n\t\t\n<style>\n#section_28016414 {\n  padding-top: 65px;\n  padding-bottom: 65px;\n  margin-bottom: -10px;\n  min-height: 19px;\n  background-color: rgba(65, 133, 251, 0);\n}\n#section_28016414 .section-bg-overlay {\n  background-color: rgba(65, 133, 251, 0);\n}\n@media (min-width:550px) {\n  #section_28016414 {\n    padding-top: 80px;\n    padding-bottom: 80px;\n  }\n}\n<\/style>\n\t<\/section>","protected":false},"excerpt":{"rendered":"","protected":false},"author":4,"featured_media":0,"parent":0,"menu_order":4,"comment_status":"closed","ping_status":"closed","template":"page-blank-title-center.php","meta":{"footnotes":""},"class_list":["post-1773","page","type-page","status-publish","hentry"],"_links":{"self":[{"href":"https:\/\/drk2021.chorzow.pl\/en\/wp-json\/wp\/v2\/pages\/1773","targetHints":{"allow":["GET"]}}],"collection":[{"href":"https:\/\/drk2021.chorzow.pl\/en\/wp-json\/wp\/v2\/pages"}],"about":[{"href":"https:\/\/drk2021.chorzow.pl\/en\/wp-json\/wp\/v2\/types\/page"}],"author":[{"embeddable":true,"href":"https:\/\/drk2021.chorzow.pl\/en\/wp-json\/wp\/v2\/users\/4"}],"replies":[{"embeddable":true,"href":"https:\/\/drk2021.chorzow.pl\/en\/wp-json\/wp\/v2\/comments?post=1773"}],"version-history":[{"count":65,"href":"https:\/\/drk2021.chorzow.pl\/en\/wp-json\/wp\/v2\/pages\/1773\/revisions"}],"predecessor-version":[{"id":76094,"href":"https:\/\/drk2021.chorzow.pl\/en\/wp-json\/wp\/v2\/pages\/1773\/revisions\/76094"}],"wp:attachment":[{"href":"https:\/\/drk2021.chorzow.pl\/en\/wp-json\/wp\/v2\/media?parent=1773"}],"curies":[{"name":"wp","href":"https:\/\/api.w.org\/{rel}","templated":true}]}}